{"id":217,"date":"2026-03-03T12:20:14","date_gmt":"2026-03-03T12:20:14","guid":{"rendered":"https:\/\/danishdrift.dk\/?page_id=217"},"modified":"2026-04-08T12:18:47","modified_gmt":"2026-04-08T12:18:47","slug":"galleri","status":"publish","type":"page","link":"https:\/\/danishdrift.dk\/en\/galleri\/","title":{"rendered":"Gallery"},"content":{"rendered":"\t\t<div data-elementor-type=\"wp-page\" data-elementor-id=\"217\" class=\"elementor elementor-217\" data-elementor-post-type=\"page\">\n\t\t\t\t<div class=\"elementor-element elementor-element-d5adcf3 e-flex e-con-boxed e-con e-parent\" data-id=\"d5adcf3\" data-element_type=\"container\" data-e-type=\"container\">\n\t\t\t\t\t<div class=\"e-con-inner\">\n\t\t\t\t<div class=\"elementor-element elementor-element-ad14025 elementor-widget elementor-widget-html\" data-id=\"ad14025\" data-element_type=\"widget\" data-e-type=\"widget\" data-widget_type=\"html.default\">\n\t\t\t\t\t<!-- ========================================= -->\r\n<!-- DDC GALLERI \u2013 DRIFT STYLE \/ \u00c5R & BANER -->\r\n<!-- ========================================= -->\r\n\r\n<link rel=\"preconnect\" href=\"https:\/\/fonts.googleapis.com\">\r\n<link rel=\"preconnect\" href=\"https:\/\/fonts.gstatic.com\" crossorigin>\r\n<link href=\"https:\/\/fonts.googleapis.com\/css2?family=Inter:wght@400;500;600;700;800&family=Teko:wght@600;700&display=swap\" rel=\"stylesheet\">\r\n\r\n<section class=\"ddc-drift-gallery\" data-ddc-gallery aria-label=\"DDC Galleri\">\r\n  <div class=\"ddc-drift-gallery__bg\"><\/div>\r\n  <div class=\"ddc-drift-gallery__noise\"><\/div>\r\n\r\n  <div class=\"ddc-drift-gallery__inner\">\r\n\r\n    <div class=\"ddc-drift-gallery__head\">\r\n      <div class=\"ddc-drift-gallery__eyebrow\" data-i18n=\"eyebrow\">DANISH DRIFT CHAMPIONSHIP<\/div>\r\n      <h2 class=\"ddc-drift-gallery__title\" data-i18n=\"title\">GALLERI<\/h2>\r\n      <p class=\"ddc-drift-gallery__text\" data-i18n=\"lead\">\r\n        Se billeder fra s\u00e6sonens events, baner og \u00f8jeblikke fra DDC. V\u00e6lg \u00e5r og klik dig videre til det \u00f8nskede galleri.\r\n      <\/p>\r\n    <\/div>\r\n\r\n    <!-- ===================== -->\r\n    <!-- 2026 -->\r\n    <!-- ===================== -->\r\n    <div class=\"ddc-drift-year\">\r\n      <div class=\"ddc-drift-year__top\">\r\n        <h3 class=\"ddc-drift-year__title\">2026<\/h3>\r\n        <div class=\"ddc-drift-year__line\"><\/div>\r\n      <\/div>\r\n\r\n      <div class=\"ddc-drift-grid\">\r\n\r\n        <article class=\"ddc-drift-card ddc-drift-card--soon\">\r\n          <img decoding=\"async\"\r\n            src=\"https:\/\/danishdrift.dk\/wp-content\/uploads\/2026\/03\/Logo.png\"\r\n            alt=\"Padborg Park 2026\"\r\n            class=\"ddc-drift-card__img\"\r\n          >\r\n          <div class=\"ddc-drift-card__overlay\"><\/div>\r\n\r\n          <div class=\"ddc-drift-card__soon-strip\" data-i18n=\"soon\">KOMMER SNART<\/div>\r\n\r\n          <div class=\"ddc-drift-card__content\">\r\n            <div class=\"ddc-drift-card__meta\" data-i18n=\"meta_2026\">2026 S\u00c6SON<\/div>\r\n            <h4 class=\"ddc-drift-card__title\" data-i18n=\"title_2026\">PADBORG PARK<\/h4>\r\n            <div class=\"ddc-drift-card__soon-text\" data-i18n=\"text_2026\">Galleri bliver tilg\u00e6ngeligt efter eventet.<\/div>\r\n          <\/div>\r\n\r\n          <img decoding=\"async\"\r\n            src=\"https:\/\/danishdrift.dk\/wp-content\/uploads\/2026\/03\/Battleground-Logo-1.png\"\r\n            alt=\"Battleground event logo\"\r\n            class=\"ddc-drift-card__event-logo\"\r\n          >\r\n\r\n          <div class=\"ddc-drift-card__accent\"><\/div>\r\n        <\/article>\r\n\r\n      <\/div>\r\n    <\/div>\r\n\r\n    <!-- ===================== -->\r\n    <!-- 2025 -->\r\n    <!-- ===================== -->\r\n    <div class=\"ddc-drift-year\">\r\n      <div class=\"ddc-drift-year__top\">\r\n        <h3 class=\"ddc-drift-year__title\">2025<\/h3>\r\n        <div class=\"ddc-drift-year__line\"><\/div>\r\n      <\/div>\r\n\r\n      <div class=\"ddc-drift-grid\">\r\n\r\n        <a href=\"https:\/\/danishdrift.dk\/galleri-padborg-2025\/\" class=\"ddc-drift-card ddc-drift-card--link\" aria-label=\"Se galleri for Padborg Park 2025\">\r\n          <img decoding=\"async\"\r\n            src=\"https:\/\/danishdrift.dk\/wp-content\/uploads\/2026\/03\/P6081722.jpg\"\r\n            alt=\"Padborg Park 2025\"\r\n            class=\"ddc-drift-card__img\"\r\n          >\r\n          <div class=\"ddc-drift-card__overlay\"><\/div>\r\n\r\n          <div class=\"ddc-drift-card__content\">\r\n            <div class=\"ddc-drift-card__meta\" data-i18n=\"meta_2025\">EVENT GALLERI<\/div>\r\n            <h4 class=\"ddc-drift-card__title\" data-i18n=\"title_2025\">PADBORG PARK<\/h4>\r\n            <span class=\"ddc-drift-card__btn\" data-i18n=\"btn_2025\">SE GALLERI<\/span>\r\n          <\/div>\r\n\r\n          <img decoding=\"async\"\r\n            src=\"https:\/\/danishdrift.dk\/wp-content\/uploads\/2026\/03\/Battleground-Logo-1.png\"\r\n            alt=\"Battleground event logo\"\r\n            class=\"ddc-drift-card__event-logo\"\r\n          >\r\n\r\n          <div class=\"ddc-drift-card__accent\"><\/div>\r\n        <\/a>\r\n\r\n      <\/div>\r\n    <\/div>\r\n\r\n  <\/div>\r\n<\/section>\r\n\r\n<style>\r\n  :root{\r\n    --ddc-bg:#05070C;\r\n    --ddc-bg-2:#0A0E16;\r\n    --ddc-panel:#0D121B;\r\n    --ddc-panel-2:#121926;\r\n    --ddc-text:#FFFFFF;\r\n    --ddc-dim:#AEB6C5;\r\n    --ddc-red:#E50914;\r\n    --ddc-red-2:#FF2A2A;\r\n    --ddc-border:rgba(255,255,255,0.10);\r\n    --ddc-shadow:0 30px 80px rgba(0,0,0,0.50);\r\n    --ddc-max:1280px;\r\n  }\r\n\r\n  .ddc-drift-gallery{\r\n    position:relative;\r\n    width:100vw;\r\n    margin-left:calc(-50vw + 50%);\r\n    padding:110px 22px;\r\n    overflow:hidden;\r\n    color:var(--ddc-text);\r\n    background:\r\n      radial-gradient(circle at 15% 0%, rgba(229,9,20,0.16), transparent 38%),\r\n      radial-gradient(circle at 85% 10%, rgba(255,42,42,0.10), transparent 32%),\r\n      linear-gradient(180deg, #070A10 0%, #05070C 100%);\r\n    font-family:Inter, sans-serif;\r\n  }\r\n\r\n  .ddc-drift-gallery__bg{\r\n    position:absolute;\r\n    inset:0;\r\n    pointer-events:none;\r\n    background:\r\n      linear-gradient(115deg, transparent 0 42%, rgba(255,255,255,0.03) 42% 43%, transparent 43% 100%),\r\n      linear-gradient(295deg, transparent 0 65%, rgba(255,255,255,0.025) 65% 66%, transparent 66% 100%);\r\n    opacity:.8;\r\n  }\r\n\r\n  .ddc-drift-gallery__noise{\r\n    position:absolute;\r\n    inset:0;\r\n    pointer-events:none;\r\n    opacity:.18;\r\n    background:\r\n      repeating-linear-gradient(\r\n        -45deg,\r\n        rgba(255,255,255,0.04) 0px,\r\n        rgba(255,255,255,0.04) 2px,\r\n        transparent 2px,\r\n        transparent 12px\r\n      );\r\n    mix-blend-mode:soft-light;\r\n  }\r\n\r\n  .ddc-drift-gallery__inner{\r\n    position:relative;\r\n    z-index:2;\r\n    max-width:var(--ddc-max);\r\n    margin:0 auto;\r\n  }\r\n\r\n  .ddc-drift-gallery__head{\r\n    max-width:760px;\r\n    margin-bottom:70px;\r\n  }\r\n\r\n  .ddc-drift-gallery__eyebrow{\r\n    display:inline-flex;\r\n    align-items:center;\r\n    gap:10px;\r\n    margin-bottom:16px;\r\n    padding:8px 14px;\r\n    border:1px solid rgba(255,255,255,0.12);\r\n    border-radius:999px;\r\n    background:rgba(255,255,255,0.04);\r\n    color:#D6DCE7;\r\n    font-size:12px;\r\n    font-weight:700;\r\n    letter-spacing:.18em;\r\n    text-transform:uppercase;\r\n  }\r\n\r\n  .ddc-drift-gallery__title{\r\n    margin:0 0 14px;\r\n    font-family:Teko, sans-serif;\r\n    font-size:clamp(54px, 8vw, 92px);\r\n    line-height:0.9;\r\n    letter-spacing:2px;\r\n    text-transform:uppercase;\r\n  }\r\n\r\n  .ddc-drift-gallery__text{\r\n    margin:0;\r\n    max-width:700px;\r\n    color:var(--ddc-dim);\r\n    font-size:17px;\r\n    line-height:1.75;\r\n  }\r\n\r\n  .ddc-drift-year{\r\n    margin-bottom:90px;\r\n  }\r\n\r\n  .ddc-drift-year:last-child{\r\n    margin-bottom:0;\r\n  }\r\n\r\n  .ddc-drift-year__top{\r\n    display:flex;\r\n    align-items:center;\r\n    gap:22px;\r\n    margin-bottom:30px;\r\n  }\r\n\r\n  .ddc-drift-year__title{\r\n    flex:0 0 auto;\r\n    margin:0;\r\n    font-family:Teko, sans-serif;\r\n    font-size:58px;\r\n    line-height:1;\r\n    letter-spacing:2px;\r\n    text-transform:uppercase;\r\n  }\r\n\r\n  .ddc-drift-year__line{\r\n    height:1px;\r\n    flex:1;\r\n    background:\r\n      linear-gradient(90deg, rgba(229,9,20,0.95) 0%, rgba(255,255,255,0.10) 60%, transparent 100%);\r\n  }\r\n\r\n  .ddc-drift-grid{\r\n    display:grid;\r\n    grid-template-columns:repeat(auto-fit, minmax(320px, 1fr));\r\n    gap:28px;\r\n  }\r\n\r\n  .ddc-drift-card{\r\n    position:relative;\r\n    display:block;\r\n    min-height:460px;\r\n    overflow:hidden;\r\n    border-radius:18px;\r\n    background:#0B111A;\r\n    border:1px solid var(--ddc-border);\r\n    box-shadow:var(--ddc-shadow);\r\n    isolation:isolate;\r\n    text-decoration:none;\r\n    color:#FFFFFF;\r\n  }\r\n\r\n  .ddc-drift-card::before{\r\n    content:\"\";\r\n    position:absolute;\r\n    inset:0;\r\n    pointer-events:none;\r\n    z-index:1;\r\n    background:\r\n      linear-gradient(180deg, rgba(255,255,255,0.03) 0%, transparent 20%),\r\n      linear-gradient(0deg, rgba(0,0,0,0.40), rgba(0,0,0,0.10));\r\n  }\r\n\r\n  .ddc-drift-card__img{\r\n    position:absolute;\r\n    inset:0;\r\n    width:100%;\r\n    height:100%;\r\n    object-fit:cover;\r\n    object-position:25% 35%;\r\n    transform:scale(1.40);\r\n    transition:transform .7s ease, filter .7s ease;\r\n    filter:saturate(.95) contrast(1.02) brightness(.72);\r\n  }\r\n\r\n  .ddc-drift-card__overlay{\r\n    position:absolute;\r\n    inset:0;\r\n    z-index:1;\r\n    background:\r\n      linear-gradient(180deg, rgba(0,0,0,0.05) 0%, rgba(0,0,0,0.22) 45%, rgba(0,0,0,0.88) 100%);\r\n  }\r\n\r\n  .ddc-drift-card__content{\r\n    position:relative;\r\n    z-index:3;\r\n    display:flex;\r\n    flex-direction:column;\r\n    justify-content:flex-end;\r\n    height:100%;\r\n    padding:28px;\r\n  }\r\n\r\n  .ddc-drift-card__meta{\r\n    display:inline-block;\r\n    width:max-content;\r\n    margin-bottom:12px;\r\n    padding:7px 11px;\r\n    border-left:3px solid var(--ddc-red);\r\n    background:rgba(255,255,255,0.06);\r\n    color:#E8ECF3;\r\n    font-size:12px;\r\n    font-weight:700;\r\n    letter-spacing:.14em;\r\n    text-transform:uppercase;\r\n  }\r\n\r\n  .ddc-drift-card__title{\r\n    margin:0 0 18px;\r\n    font-family:Teko, sans-serif;\r\n    font-size:40px;\r\n    line-height:0.95;\r\n    letter-spacing:1px;\r\n    text-transform:uppercase;\r\n    color:#FFFFFF;\r\n  }\r\n\r\n  .ddc-drift-card__soon-text{\r\n    margin:0;\r\n    max-width:360px;\r\n    color:#D8DEE8;\r\n    font-size:15px;\r\n    line-height:1.6;\r\n  }\r\n\r\n  .ddc-drift-card__btn{\r\n    display:inline-flex;\r\n    align-items:center;\r\n    justify-content:center;\r\n    gap:10px;\r\n    width:max-content;\r\n    min-width:150px;\r\n    padding:13px 20px;\r\n    border-radius:999px;\r\n    text-decoration:none;\r\n    background:linear-gradient(135deg, var(--ddc-red), var(--ddc-red-2));\r\n    color:#FFFFFF !important;\r\n    font-size:14px;\r\n    font-weight:800;\r\n    letter-spacing:.06em;\r\n    text-transform:uppercase;\r\n    box-shadow:0 14px 30px rgba(229,9,20,0.30);\r\n    transition:transform .25s ease, box-shadow .25s ease, filter .25s ease;\r\n  }\r\n\r\n  .ddc-drift-card__accent{\r\n    position:absolute;\r\n    top:0;\r\n    right:0;\r\n    width:120px;\r\n    height:120px;\r\n    z-index:2;\r\n    background:\r\n      linear-gradient(135deg, rgba(229,9,20,0.95) 0%, rgba(229,9,20,0.00) 70%);\r\n    clip-path:polygon(100% 0, 0 0, 100% 100%);\r\n    opacity:.9;\r\n    pointer-events:none;\r\n  }\r\n\r\n.ddc-drift-card__soon-strip{\r\n  position:absolute;\r\n  top:28px;\r\n  left:-45px;\r\n  z-index:4;\r\n  width:220px;\r\n  padding:10px 0;\r\n  text-align:center;\r\n  background:linear-gradient(135deg, #E50914, #FF2A2A);\r\n  color:#FFFFFF;\r\n  font-size:12px;\r\n  font-weight:800;\r\n  letter-spacing:.14em;\r\n  text-transform:uppercase;\r\n  transform:rotate(-35deg);\r\n  box-shadow:0 12px 30px rgba(229,9,20,0.35);\r\n  pointer-events:none;\r\n}\r\n\r\n  .ddc-drift-card__event-logo{\r\n    position:absolute;\r\n    right:22px;\r\n    bottom:22px;\r\n    z-index:4;\r\n    width:180px;\r\n    max-width:26%;\r\n    height:auto;\r\n    object-fit:contain;\r\n    pointer-events:none;\r\n    filter:\r\n      drop-shadow(0 10px 24px rgba(0,0,0,0.45))\r\n      brightness(1.02);\r\n    opacity:.96;\r\n  }\r\n\r\n  .ddc-drift-card--soon{\r\n    cursor:default;\r\n  }\r\n\r\n  .ddc-drift-card--soon .ddc-drift-card__overlay{\r\n    background:\r\n      linear-gradient(180deg, rgba(0,0,0,0.18) 0%, rgba(0,0,0,0.28) 45%, rgba(0,0,0,0.90) 100%);\r\n  }\r\n\r\n  .ddc-drift-card--soon .ddc-drift-card__img{\r\n    filter:saturate(.55) contrast(1) brightness(.42);\r\n  }\r\n\r\n  .ddc-drift-card--link{\r\n    cursor:pointer;\r\n  }\r\n\r\n  .ddc-drift-card--link:hover .ddc-drift-card__img{\r\n    transform:scale(1.40);\r\n    filter:saturate(1) contrast(1.06) brightness(.82);\r\n  }\r\n\r\n  .ddc-drift-card--link:hover .ddc-drift-card__btn{\r\n    transform:translateY(-3px);\r\n    filter:brightness(1.04);\r\n    box-shadow:0 18px 34px rgba(229,9,20,0.38);\r\n    color:#FFFFFF !important;\r\n  }\r\n\r\n  .ddc-drift-card--link:hover .ddc-drift-card__title{\r\n    color:#FFFFFF;\r\n  }\r\n\r\n  @media (max-width: 767px){\r\n    .ddc-drift-gallery{\r\n      padding:80px 18px;\r\n    }\r\n\r\n    .ddc-drift-gallery__head{\r\n      margin-bottom:50px;\r\n    }\r\n\r\n    .ddc-drift-year{\r\n      margin-bottom:70px;\r\n    }\r\n\r\n    .ddc-drift-year__top{\r\n      gap:14px;\r\n      margin-bottom:22px;\r\n    }\r\n\r\n    .ddc-drift-year__title{\r\n      font-size:46px;\r\n    }\r\n\r\n    .ddc-drift-card{\r\n      min-height:380px;\r\n      border-radius:16px;\r\n    }\r\n\r\n    .ddc-drift-card__content{\r\n      padding:22px;\r\n    }\r\n\r\n    .ddc-drift-card__title{\r\n      font-size:34px;\r\n    }\r\n\r\n    .ddc-drift-card__soon-strip{\r\n      top:28px;\r\n      left:-72px;\r\n      width:230px;\r\n      font-size:11px;\r\n      padding:10px 0;\r\n    }\r\n\r\n    .ddc-drift-card__event-logo{\r\n      right:16px;\r\n      bottom:16px;\r\n      width:82px;\r\n      max-width:30%;\r\n    }\r\n  }\r\n<\/style>\r\n\r\n<script>\r\n(function(){\r\n  const root = document.querySelector('[data-ddc-gallery]');\r\n  if(!root) return;\r\n\r\n  function detectLang(){\r\n    const params = new URLSearchParams(window.location.search);\r\n    const q = (params.get('lang') || '').toLowerCase();\r\n    const htmlLang = (document.documentElement.getAttribute('lang') || '').toLowerCase();\r\n    const bodyClass = (document.body.className || '').toLowerCase();\r\n    const path = (window.location.pathname || '').toLowerCase();\r\n\r\n    if (\r\n      q.startsWith('en') ||\r\n      htmlLang.startsWith('en') ||\r\n      bodyClass.includes('lang-en') ||\r\n      bodyClass.includes('english') ||\r\n      bodyClass.includes('\/en') ||\r\n      path.startsWith('\/en\/') ||\r\n      path === '\/en'\r\n    ) {\r\n      return 'en';\r\n    }\r\n    return 'da';\r\n  }\r\n\r\n  const dict = {\r\n    da: {\r\n      eyebrow: \"DANISH DRIFT CHAMPIONSHIP\",\r\n      title: \"GALLERI\",\r\n      lead: \"Se billeder fra s\u00e6sonens events, baner og \u00f8jeblikke fra DDC. V\u00e6lg \u00e5r og klik dig videre til det \u00f8nskede galleri.\",\r\n      soon: \"KOMMER SNART\",\r\n      meta_2026: \"2026 S\u00c6SON\",\r\n      title_2026: \"PADBORG PARK\",\r\n      text_2026: \"Galleri bliver tilg\u00e6ngeligt efter eventet.\",\r\n      meta_2025: \"EVENT GALLERI\",\r\n      title_2025: \"PADBORG PARK\",\r\n      btn_2025: \"SE GALLERI\"\r\n    },\r\n    en: {\r\n      eyebrow: \"DANISH DRIFT CHAMPIONSHIP\",\r\n      title: \"GALLERY\",\r\n      lead: \"View photos from the season's events, tracks and moments from DDC. Choose a year and click through to the gallery you want.\",\r\n      soon: \"COMING SOON\",\r\n      meta_2026: \"2026 SEASON\",\r\n      title_2026: \"PADBORG PARK\",\r\n      text_2026: \"The gallery will be available after the event.\",\r\n      meta_2025: \"EVENT GALLERY\",\r\n      title_2025: \"PADBORG PARK\",\r\n      btn_2025: \"VIEW GALLERY\"\r\n    }\r\n  };\r\n\r\n  function applyTranslations(){\r\n    const lang = detectLang();\r\n    root.querySelectorAll('[data-i18n]').forEach(el => {\r\n      const key = el.getAttribute('data-i18n');\r\n      if (dict[lang] && dict[lang][key]) {\r\n        el.textContent = dict[lang][key];\r\n      }\r\n    });\r\n  }\r\n\r\n  applyTranslations();\r\n  window.addEventListener('load', applyTranslations);\r\n  setTimeout(applyTranslations, 300);\r\n  setTimeout(applyTranslations, 900);\r\n  setTimeout(applyTranslations, 1800);\r\n\r\n  const observer = new MutationObserver(() => {\r\n    applyTranslations();\r\n  });\r\n\r\n  observer.observe(document.documentElement, {\r\n    attributes: true,\r\n    attributeFilter: ['lang', 'class']\r\n  });\r\n\r\n  if (document.body) {\r\n    observer.observe(document.body, {\r\n      attributes: true,\r\n      attributeFilter: ['class']\r\n    });\r\n  }\r\n})();\r\n<\/script>\t\t\t\t<\/div>\n\t\t\t\t\t<\/div>\n\t\t\t\t<\/div>\n\t\t\t\t<\/div>\n\t\t","protected":false},"excerpt":{"rendered":"<p>DANISH DRIFT CHAMPIONSHIP GALLERI Se billeder fra s\u00e6sonens events, baner og \u00f8jeblikke fra DDC. V\u00e6lg \u00e5r og klik dig videre til det \u00f8nskede galleri. 2026 KOMMER SNART 2026 S\u00c6SON PADBORG PARK Galleri bliver tilg\u00e6ngeligt efter eventet. 2025 EVENT GALLERI PADBORG PARK SE GALLERI<\/p>","protected":false},"author":1,"featured_media":0,"parent":0,"menu_order":0,"comment_status":"closed","ping_status":"closed","template":"elementor_header_footer","meta":{"_acf_changed":false,"footnotes":""},"class_list":["post-217","page","type-page","status-publish","hentry"],"acf":[],"yoast_head":"<!-- This site is optimized with the Yoast SEO plugin v27.3 - https:\/\/yoast.com\/product\/yoast-seo-wordpress\/ -->\n<title>Drift Galleri | Billeder fra DDC Events | Danish Drift<\/title>\n<meta name=\"description\" content=\"Se billeder og highlights fra Danish Drift Championship events. Oplev actionfyldte \u00f8jeblikke, biler, k\u00f8rere og stemningen fra banen.\" \/>\n<meta name=\"robots\" content=\"index, follow, max-snippet:-1, max-image-preview:large, max-video-preview:-1\" \/>\n<link rel=\"canonical\" href=\"https:\/\/danishdrift.dk\/en\/galleri\/\" \/>\n<meta property=\"og:locale\" content=\"en_US\" \/>\n<meta property=\"og:type\" content=\"article\" \/>\n<meta property=\"og:title\" content=\"Drift Galleri | Billeder fra DDC Events | Danish Drift\" \/>\n<meta property=\"og:description\" content=\"Se billeder og highlights fra Danish Drift Championship events. Oplev actionfyldte \u00f8jeblikke, biler, k\u00f8rere og stemningen fra banen.\" \/>\n<meta property=\"og:url\" content=\"https:\/\/danishdrift.dk\/en\/galleri\/\" \/>\n<meta property=\"og:site_name\" content=\"danishdrift.dk\" \/>\n<meta property=\"article:publisher\" content=\"https:\/\/www.facebook.com\/DanishDriftChampionship?locale=da_DK\" \/>\n<meta property=\"article:modified_time\" content=\"2026-04-08T12:18:47+00:00\" \/>\n<meta property=\"og:image\" content=\"https:\/\/danishdrift.dk\/wp-content\/uploads\/2026\/03\/Logo-1024x683.png\" \/>\n\t<meta property=\"og:image:width\" content=\"1024\" \/>\n\t<meta property=\"og:image:height\" content=\"683\" \/>\n\t<meta property=\"og:image:type\" content=\"image\/png\" \/>\n<meta name=\"twitter:card\" content=\"summary_large_image\" \/>\n<meta name=\"twitter:label1\" content=\"Est. reading time\" \/>\n\t<meta name=\"twitter:data1\" content=\"1 minute\" \/>\n<script type=\"application\/ld+json\" class=\"yoast-schema-graph\">{\"@context\":\"https:\\\/\\\/schema.org\",\"@graph\":[{\"@type\":\"WebPage\",\"@id\":\"https:\\\/\\\/danishdrift.dk\\\/galleri\\\/\",\"url\":\"https:\\\/\\\/danishdrift.dk\\\/galleri\\\/\",\"name\":\"Drift Galleri | Billeder fra DDC Events | Danish Drift\",\"isPartOf\":{\"@id\":\"https:\\\/\\\/danishdrift.dk\\\/#website\"},\"datePublished\":\"2026-03-03T12:20:14+00:00\",\"dateModified\":\"2026-04-08T12:18:47+00:00\",\"description\":\"Se billeder og highlights fra Danish Drift Championship events. Oplev actionfyldte \u00f8jeblikke, biler, k\u00f8rere og stemningen fra banen.\",\"breadcrumb\":{\"@id\":\"https:\\\/\\\/danishdrift.dk\\\/galleri\\\/#breadcrumb\"},\"inLanguage\":\"en-US\",\"potentialAction\":[{\"@type\":\"ReadAction\",\"target\":[\"https:\\\/\\\/danishdrift.dk\\\/galleri\\\/\"]}]},{\"@type\":\"BreadcrumbList\",\"@id\":\"https:\\\/\\\/danishdrift.dk\\\/galleri\\\/#breadcrumb\",\"itemListElement\":[{\"@type\":\"ListItem\",\"position\":1,\"name\":\"Home\",\"item\":\"https:\\\/\\\/danishdrift.dk\\\/\"},{\"@type\":\"ListItem\",\"position\":2,\"name\":\"Galleri\"}]},{\"@type\":\"WebSite\",\"@id\":\"https:\\\/\\\/danishdrift.dk\\\/#website\",\"url\":\"https:\\\/\\\/danishdrift.dk\\\/\",\"name\":\"danishdrift.dk\",\"description\":\"\",\"publisher\":{\"@id\":\"https:\\\/\\\/danishdrift.dk\\\/#organization\"},\"potentialAction\":[{\"@type\":\"SearchAction\",\"target\":{\"@type\":\"EntryPoint\",\"urlTemplate\":\"https:\\\/\\\/danishdrift.dk\\\/?s={search_term_string}\"},\"query-input\":{\"@type\":\"PropertyValueSpecification\",\"valueRequired\":true,\"valueName\":\"search_term_string\"}}],\"inLanguage\":\"en-US\"},{\"@type\":\"Organization\",\"@id\":\"https:\\\/\\\/danishdrift.dk\\\/#organization\",\"name\":\"danishdrift.dk\",\"url\":\"https:\\\/\\\/danishdrift.dk\\\/\",\"logo\":{\"@type\":\"ImageObject\",\"inLanguage\":\"en-US\",\"@id\":\"https:\\\/\\\/danishdrift.dk\\\/#\\\/schema\\\/logo\\\/image\\\/\",\"url\":\"https:\\\/\\\/danishdrift.dk\\\/wp-content\\\/uploads\\\/2026\\\/04\\\/cropped-Bold-_D_-with-red-accents.png\",\"contentUrl\":\"https:\\\/\\\/danishdrift.dk\\\/wp-content\\\/uploads\\\/2026\\\/04\\\/cropped-Bold-_D_-with-red-accents.png\",\"width\":512,\"height\":512,\"caption\":\"danishdrift.dk\"},\"image\":{\"@id\":\"https:\\\/\\\/danishdrift.dk\\\/#\\\/schema\\\/logo\\\/image\\\/\"},\"sameAs\":[\"https:\\\/\\\/www.facebook.com\\\/DanishDriftChampionship?locale=da_DK\",\"https:\\\/\\\/www.instagram.com\\\/danishdriftchampionship\\\/\"]}]}<\/script>\n<!-- \/ Yoast SEO plugin. -->","yoast_head_json":{"title":"Drift Galleri | Billeder fra DDC Events | Danish Drift","description":"Se billeder og highlights fra Danish Drift Championship events. Oplev actionfyldte \u00f8jeblikke, biler, k\u00f8rere og stemningen fra banen.","robots":{"index":"index","follow":"follow","max-snippet":"max-snippet:-1","max-image-preview":"max-image-preview:large","max-video-preview":"max-video-preview:-1"},"canonical":"https:\/\/danishdrift.dk\/en\/galleri\/","og_locale":"en_US","og_type":"article","og_title":"Drift Galleri | Billeder fra DDC Events | Danish Drift","og_description":"Se billeder og highlights fra Danish Drift Championship events. Oplev actionfyldte \u00f8jeblikke, biler, k\u00f8rere og stemningen fra banen.","og_url":"https:\/\/danishdrift.dk\/en\/galleri\/","og_site_name":"danishdrift.dk","article_publisher":"https:\/\/www.facebook.com\/DanishDriftChampionship?locale=da_DK","article_modified_time":"2026-04-08T12:18:47+00:00","og_image":[{"width":1024,"height":683,"url":"https:\/\/danishdrift.dk\/wp-content\/uploads\/2026\/03\/Logo-1024x683.png","type":"image\/png"}],"twitter_card":"summary_large_image","twitter_misc":{"Est. reading time":"1 minute"},"schema":{"@context":"https:\/\/schema.org","@graph":[{"@type":"WebPage","@id":"https:\/\/danishdrift.dk\/galleri\/","url":"https:\/\/danishdrift.dk\/galleri\/","name":"Drift Galleri | Billeder fra DDC Events | Danish Drift","isPartOf":{"@id":"https:\/\/danishdrift.dk\/#website"},"datePublished":"2026-03-03T12:20:14+00:00","dateModified":"2026-04-08T12:18:47+00:00","description":"Se billeder og highlights fra Danish Drift Championship events. Oplev actionfyldte \u00f8jeblikke, biler, k\u00f8rere og stemningen fra banen.","breadcrumb":{"@id":"https:\/\/danishdrift.dk\/galleri\/#breadcrumb"},"inLanguage":"en-US","potentialAction":[{"@type":"ReadAction","target":["https:\/\/danishdrift.dk\/galleri\/"]}]},{"@type":"BreadcrumbList","@id":"https:\/\/danishdrift.dk\/galleri\/#breadcrumb","itemListElement":[{"@type":"ListItem","position":1,"name":"Home","item":"https:\/\/danishdrift.dk\/"},{"@type":"ListItem","position":2,"name":"Galleri"}]},{"@type":"WebSite","@id":"https:\/\/danishdrift.dk\/#website","url":"https:\/\/danishdrift.dk\/","name":"danishdrift.dk","description":"","publisher":{"@id":"https:\/\/danishdrift.dk\/#organization"},"potentialAction":[{"@type":"SearchAction","target":{"@type":"EntryPoint","urlTemplate":"https:\/\/danishdrift.dk\/?s={search_term_string}"},"query-input":{"@type":"PropertyValueSpecification","valueRequired":true,"valueName":"search_term_string"}}],"inLanguage":"en-US"},{"@type":"Organization","@id":"https:\/\/danishdrift.dk\/#organization","name":"danishdrift.dk","url":"https:\/\/danishdrift.dk\/","logo":{"@type":"ImageObject","inLanguage":"en-US","@id":"https:\/\/danishdrift.dk\/#\/schema\/logo\/image\/","url":"https:\/\/danishdrift.dk\/wp-content\/uploads\/2026\/04\/cropped-Bold-_D_-with-red-accents.png","contentUrl":"https:\/\/danishdrift.dk\/wp-content\/uploads\/2026\/04\/cropped-Bold-_D_-with-red-accents.png","width":512,"height":512,"caption":"danishdrift.dk"},"image":{"@id":"https:\/\/danishdrift.dk\/#\/schema\/logo\/image\/"},"sameAs":["https:\/\/www.facebook.com\/DanishDriftChampionship?locale=da_DK","https:\/\/www.instagram.com\/danishdriftchampionship\/"]}]}},"_links":{"self":[{"href":"https:\/\/danishdrift.dk\/en\/wp-json\/wp\/v2\/pages\/217","targetHints":{"allow":["GET"]}}],"collection":[{"href":"https:\/\/danishdrift.dk\/en\/wp-json\/wp\/v2\/pages"}],"about":[{"href":"https:\/\/danishdrift.dk\/en\/wp-json\/wp\/v2\/types\/page"}],"author":[{"embeddable":true,"href":"https:\/\/danishdrift.dk\/en\/wp-json\/wp\/v2\/users\/1"}],"replies":[{"embeddable":true,"href":"https:\/\/danishdrift.dk\/en\/wp-json\/wp\/v2\/comments?post=217"}],"version-history":[{"count":65,"href":"https:\/\/danishdrift.dk\/en\/wp-json\/wp\/v2\/pages\/217\/revisions"}],"predecessor-version":[{"id":2312,"href":"https:\/\/danishdrift.dk\/en\/wp-json\/wp\/v2\/pages\/217\/revisions\/2312"}],"wp:attachment":[{"href":"https:\/\/danishdrift.dk\/en\/wp-json\/wp\/v2\/media?parent=217"}],"curies":[{"name":"wp","href":"https:\/\/api.w.org\/{rel}","templated":true}]}}